{"id":7,"date":"2022-01-19T14:24:39","date_gmt":"2022-01-19T14:24:39","guid":{"rendered":"https:\/\/wf.teclabs.se\/wf\/?page_id=2"},"modified":"2022-11-09T16:25:04","modified_gmt":"2022-11-09T16:25:04","slug":"sample-page-2","status":"publish","type":"page","link":"https:\/\/teclabs.se\/liam\/","title":{"rendered":"Aktuell driftstatus"},"content":{"rendered":"<ul class=\"wp-block-latest-posts__list has-dates wp-block-latest-posts\"><li><a class=\"wp-block-latest-posts__post-title\" href=\"https:\/\/teclabs.se\/liam\/191-2\/\">Inga driftst\u00f6rningar f\u00f6r n\u00e4rvarande.<\/a><time datetime=\"2022-08-22T14:00:00+00:00\" class=\"wp-block-latest-posts__post-date\">augusti 22, 2022<\/time><div class=\"wp-block-latest-posts__post-full-content\"><\/div><\/li>\n<\/ul>\n\n\n<h2 class=\"wp-block-heading\" id=\"planerade-atgarder\">Planerade \u00e5tg\u00e4rder<\/h2>\n\n\n<ul class=\"wp-block-latest-posts__list has-dates wp-block-latest-posts\"><li><a class=\"wp-block-latest-posts__post-title\" href=\"https:\/\/teclabs.se\/liam\/driftstopp-2023\/\">Driftstopp 2023<\/a><time datetime=\"2022-11-09T16:24:33+00:00\" class=\"wp-block-latest-posts__post-date\">november 9, 2022<\/time><div class=\"wp-block-latest-posts__post-excerpt\"><\/div><\/li>\n<li><a class=\"wp-block-latest-posts__post-title\" href=\"https:\/\/teclabs.se\/liam\/ny-planerad-atgard\/\">Ny planerad \u00e5tg\u00e4rd<\/a><time datetime=\"2022-09-28T13:00:36+00:00\" class=\"wp-block-latest-posts__post-date\">september 28, 2022<\/time><div class=\"wp-block-latest-posts__post-excerpt\">H\u00e4r planeras avanceade \u00e5tg\u00e4rder f\u00f6r framtiden&#8230;<\/div><\/li>\n<li><a class=\"wp-block-latest-posts__post-title\" href=\"https:\/\/teclabs.se\/liam\/testing\/\">Testing<\/a><time datetime=\"2022-09-28T11:13:00+00:00\" class=\"wp-block-latest-posts__post-date\">september 28, 2022<\/time><div class=\"wp-block-latest-posts__post-excerpt\"><\/div><\/li>\n<\/ul>","protected":false},"excerpt":{"rendered":"<p>Planerade \u00e5tg\u00e4rder<\/p>\n","protected":false},"author":1,"featured_media":0,"parent":0,"menu_order":0,"comment_status":"closed","ping_status":"open","template":"","meta":{"footnotes":""},"class_list":["post-7","page","type-page","status-publish","hentry"],"_links":{"self":[{"href":"https:\/\/teclabs.se\/liam\/wp-json\/wp\/v2\/pages\/7","targetHints":{"allow":["GET"]}}],"collection":[{"href":"https:\/\/teclabs.se\/liam\/wp-json\/wp\/v2\/pages"}],"about":[{"href":"https:\/\/teclabs.se\/liam\/wp-json\/wp\/v2\/types\/page"}],"author":[{"embeddable":true,"href":"https:\/\/teclabs.se\/liam\/wp-json\/wp\/v2\/users\/1"}],"replies":[{"embeddable":true,"href":"https:\/\/teclabs.se\/liam\/wp-json\/wp\/v2\/comments?post=7"}],"version-history":[{"count":1,"href":"https:\/\/teclabs.se\/liam\/wp-json\/wp\/v2\/pages\/7\/revisions"}],"predecessor-version":[{"id":252,"href":"https:\/\/teclabs.se\/liam\/wp-json\/wp\/v2\/pages\/7\/revisions\/252"}],"wp:attachment":[{"href":"https:\/\/teclabs.se\/liam\/wp-json\/wp\/v2\/media?parent=7"}],"curies":[{"name":"wp","href":"https:\/\/api.w.org\/{rel}","templated":true}]}}